{"id":10,"date":"2021-04-11T20:09:58","date_gmt":"2021-04-11T20:09:58","guid":{"rendered":"https:\/\/idee-jpm.com\/wp\/?page_id=10"},"modified":"2023-09-11T02:47:04","modified_gmt":"2023-09-11T02:47:04","slug":"a-propos","status":"publish","type":"page","link":"https:\/\/idee-jpm.com\/wp\/","title":{"rendered":"\u00c0 propos"},"content":{"rendered":"\n<p>Nous sommes sp\u00e9cialis\u00e9 dans les services \u00e9lectriques, \u00e9lectroniques et informatiques.<\/p>\n","protected":false},"excerpt":{"rendered":"<p>Nous sommes sp\u00e9cialis\u00e9 dans les services \u00e9lectriques, \u00e9lectroniques et informatiques.<\/p>\n","protected":false},"author":1,"featured_media":0,"parent":0,"menu_order":0,"comment_status":"closed","ping_status":"closed","template":"","meta":{"footnotes":""},"class_list":["post-10","page","type-page","status-publish","hentry","entry"],"_links":{"self":[{"href":"https:\/\/idee-jpm.com\/wp\/wp-json\/wp\/v2\/pages\/10","targetHints":{"allow":["GET"]}}],"collection":[{"href":"https:\/\/idee-jpm.com\/wp\/wp-json\/wp\/v2\/pages"}],"about":[{"href":"https:\/\/idee-jpm.com\/wp\/wp-json\/wp\/v2\/types\/page"}],"author":[{"embeddable":true,"href":"https:\/\/idee-jpm.com\/wp\/wp-json\/wp\/v2\/users\/1"}],"replies":[{"embeddable":true,"href":"https:\/\/idee-jpm.com\/wp\/wp-json\/wp\/v2\/comments?post=10"}],"version-history":[{"count":3,"href":"https:\/\/idee-jpm.com\/wp\/wp-json\/wp\/v2\/pages\/10\/revisions"}],"predecessor-version":[{"id":27,"href":"https:\/\/idee-jpm.com\/wp\/wp-json\/wp\/v2\/pages\/10\/revisions\/27"}],"wp:attachment":[{"href":"https:\/\/idee-jpm.com\/wp\/wp-json\/wp\/v2\/media?parent=10"}],"curies":[{"name":"wp","href":"https:\/\/api.w.org\/{rel}","templated":true}]}}